{"id":2239,"date":"2024-12-27T10:22:16","date_gmt":"2024-12-27T10:22:16","guid":{"rendered":"https:\/\/www.sinapi.es\/selectionnez-votre-restaurant\/"},"modified":"2025-10-28T11:22:13","modified_gmt":"2025-10-28T11:22:13","slug":"selectionnez-votre-restaurant","status":"publish","type":"page","link":"https:\/\/www.sinapi.es\/fr\/selectionnez-votre-restaurant\/","title":{"rendered":"S\u00e9lectionnez votre restaurant"},"content":{"rendered":"\t\t<div data-elementor-type=\"wp-page\" data-elementor-id=\"2239\" class=\"elementor elementor-2239 elementor-1200\" data-elementor-post-type=\"page\">\n\t\t\t\t<div class=\"elementor-element elementor-element-1b9d19f e-flex e-con-boxed e-con e-parent\" data-id=\"1b9d19f\" data-element_type=\"container\">\n\t\t\t\t\t<div class=\"e-con-inner\">\n\t\t<div class=\"elementor-element elementor-element-7d7019c e-flex e-con-boxed e-con e-child\" data-id=\"7d7019c\" data-element_type=\"container\">\n\t\t\t\t\t<div class=\"e-con-inner\">\n\t\t\t\t<div class=\"elementor-element elementor-element-a332769 elementor-widget elementor-widget-image\" data-id=\"a332769\" data-element_type=\"widget\" data-widget_type=\"image.default\">\n\t\t\t\t<div class=\"elementor-widget-container\">\n\t\t\t<style>\/*! elementor - v3.21.0 - 25-04-2024 *\/\n.elementor-widget-image{text-align:center}.elementor-widget-image a{display:inline-block}.elementor-widget-image a img[src$=\".svg\"]{width:48px}.elementor-widget-image img{vertical-align:middle;display:inline-block}<\/style>\t\t\t\t\t\t\t\t\t\t<img fetchpriority=\"high\" decoding=\"async\" width=\"488\" height=\"152\" src=\"https:\/\/www.sinapi.es\/wp-content\/uploads\/2024\/11\/sinapi-logo.svg\" class=\"attachment-large size-large wp-image-393\" alt=\"\" \/>\t\t\t\t\t\t\t\t\t\t\t\t\t<\/div>\n\t\t\t\t<\/div>\n\t\t\t\t\t<\/div>\n\t\t\t\t<\/div>\n\t\t<div class=\"elementor-element elementor-element-2cec11f e-flex e-con-boxed e-con e-child\" data-id=\"2cec11f\" data-element_type=\"container\">\n\t\t\t\t\t<div class=\"e-con-inner\">\n\t\t\t\t<div class=\"elementor-element elementor-element-965a3be elementor-widget-divider--view-line_text elementor-widget-divider--element-align-center elementor-widget elementor-widget-divider\" data-id=\"965a3be\" data-element_type=\"widget\" data-widget_type=\"divider.default\">\n\t\t\t\t<div class=\"elementor-widget-container\">\n\t\t\t<style>\/*! elementor - v3.21.0 - 25-04-2024 *\/\n.elementor-widget-divider{--divider-border-style:none;--divider-border-width:1px;--divider-color:#0c0d0e;--divider-icon-size:20px;--divider-element-spacing:10px;--divider-pattern-height:24px;--divider-pattern-size:20px;--divider-pattern-url:none;--divider-pattern-repeat:repeat-x}.elementor-widget-divider .elementor-divider{display:flex}.elementor-widget-divider .elementor-divider__text{font-size:15px;line-height:1;max-width:95%}.elementor-widget-divider .elementor-divider__element{margin:0 var(--divider-element-spacing);flex-shrink:0}.elementor-widget-divider .elementor-icon{font-size:var(--divider-icon-size)}.elementor-widget-divider .elementor-divider-separator{display:flex;margin:0;direction:ltr}.elementor-widget-divider--view-line_icon .elementor-divider-separator,.elementor-widget-divider--view-line_text .elementor-divider-separator{align-items:center}.elementor-widget-divider--view-line_icon .elementor-divider-separator:after,.elementor-widget-divider--view-line_icon .elementor-divider-separator:before,.elementor-widget-divider--view-line_text .elementor-divider-separator:after,.elementor-widget-divider--view-line_text .elementor-divider-separator:before{display:block;content:\"\";border-block-end:0;flex-grow:1;border-block-start:var(--divider-border-width) var(--divider-border-style) var(--divider-color)}.elementor-widget-divider--element-align-left .elementor-divider .elementor-divider-separator>.elementor-divider__svg:first-of-type{flex-grow:0;flex-shrink:100}.elementor-widget-divider--element-align-left .elementor-divider-separator:before{content:none}.elementor-widget-divider--element-align-left .elementor-divider__element{margin-left:0}.elementor-widget-divider--element-align-right .elementor-divider .elementor-divider-separator>.elementor-divider__svg:last-of-type{flex-grow:0;flex-shrink:100}.elementor-widget-divider--element-align-right .elementor-divider-separator:after{content:none}.elementor-widget-divider--element-align-right .elementor-divider__element{margin-right:0}.elementor-widget-divider--element-align-start .elementor-divider .elementor-divider-separator>.elementor-divider__svg:first-of-type{flex-grow:0;flex-shrink:100}.elementor-widget-divider--element-align-start .elementor-divider-separator:before{content:none}.elementor-widget-divider--element-align-start .elementor-divider__element{margin-inline-start:0}.elementor-widget-divider--element-align-end .elementor-divider .elementor-divider-separator>.elementor-divider__svg:last-of-type{flex-grow:0;flex-shrink:100}.elementor-widget-divider--element-align-end .elementor-divider-separator:after{content:none}.elementor-widget-divider--element-align-end .elementor-divider__element{margin-inline-end:0}.elementor-widget-divider:not(.elementor-widget-divider--view-line_text):not(.elementor-widget-divider--view-line_icon) .elementor-divider-separator{border-block-start:var(--divider-border-width) var(--divider-border-style) var(--divider-color)}.elementor-widget-divider--separator-type-pattern{--divider-border-style:none}.elementor-widget-divider--separator-type-pattern.elementor-widget-divider--view-line .elementor-divider-separator,.elementor-widget-divider--separator-type-pattern:not(.elementor-widget-divider--view-line) .elementor-divider-separator:after,.elementor-widget-divider--separator-type-pattern:not(.elementor-widget-divider--view-line) .elementor-divider-separator:before,.elementor-widget-divider--separator-type-pattern:not([class*=elementor-widget-divider--view]) .elementor-divider-separator{width:100%;min-height:var(--divider-pattern-height);-webkit-mask-size:var(--divider-pattern-size) 100%;mask-size:var(--divider-pattern-size) 100%;-webkit-mask-repeat:var(--divider-pattern-repeat);mask-repeat:var(--divider-pattern-repeat);background-color:var(--divider-color);-webkit-mask-image:var(--divider-pattern-url);mask-image:var(--divider-pattern-url)}.elementor-widget-divider--no-spacing{--divider-pattern-size:auto}.elementor-widget-divider--bg-round{--divider-pattern-repeat:round}.rtl .elementor-widget-divider .elementor-divider__text{direction:rtl}.e-con-inner>.elementor-widget-divider,.e-con>.elementor-widget-divider{width:var(--container-widget-width,100%);--flex-grow:var(--container-widget-flex-grow)}<\/style>\t\t<div class=\"elementor-divider\">\n\t\t\t<span class=\"elementor-divider-separator\">\n\t\t\t\t\t\t\t<span class=\"elementor-divider__text elementor-divider__element\">\n\t\t\t\tD\u00e9couvrir Sinapi\t\t\t\t<\/span>\n\t\t\t\t\t\t<\/span>\n\t\t<\/div>\n\t\t\t\t<\/div>\n\t\t\t\t<\/div>\n\t\t\t\t<div class=\"elementor-element elementor-element-212b66c elementor-widget elementor-widget-heading\" data-id=\"212b66c\" data-element_type=\"widget\" data-widget_type=\"heading.default\">\n\t\t\t\t<div class=\"elementor-widget-container\">\n\t\t\t<style>\/*! elementor - v3.21.0 - 25-04-2024 *\/\n.elementor-heading-title{padding:0;margin:0;line-height:1}.elementor-widget-heading .elementor-heading-title[class*=elementor-size-]>a{color:inherit;font-size:inherit;line-height:inherit}.elementor-widget-heading .elementor-heading-title.elementor-size-small{font-size:15px}.elementor-widget-heading .elementor-heading-title.elementor-size-medium{font-size:19px}.elementor-widget-heading .elementor-heading-title.elementor-size-large{font-size:29px}.elementor-widget-heading .elementor-heading-title.elementor-size-xl{font-size:39px}.elementor-widget-heading .elementor-heading-title.elementor-size-xxl{font-size:59px}<\/style><h2 class=\"elementor-heading-title elementor-size-default\">S\u00e9lectionnez le menu du <br>restaurant que vous souhaitez visiter<\/h2>\t\t<\/div>\n\t\t\t\t<\/div>\n\t\t\t\t<div class=\"elementor-element elementor-element-804c040 elementor-align-left elementor-widget__width-auto elementor-widget elementor-widget-button\" data-id=\"804c040\" data-element_type=\"widget\" data-widget_type=\"button.default\">\n\t\t\t\t<div class=\"elementor-widget-container\">\n\t\t\t\t\t<div class=\"elementor-button-wrapper\">\n\t\t\t<a class=\"elementor-button elementor-button-link elementor-size-sm\" href=\"https:\/\/www.sinapi.es\/fr\/elche-menu\/\" target=\"_blank\">\n\t\t\t\t\t\t<span class=\"elementor-button-content-wrapper\">\n\t\t\t\t\t\t\t\t\t<span class=\"elementor-button-text\">Menu Elche<\/span>\n\t\t\t\t\t<\/span>\n\t\t\t\t\t<\/a>\n\t\t<\/div>\n\t\t\t\t<\/div>\n\t\t\t\t<\/div>\n\t\t\t\t<div class=\"elementor-element elementor-element-79f7f93 elementor-align-left elementor-widget__width-auto elementor-widget elementor-widget-button\" data-id=\"79f7f93\" data-element_type=\"widget\" data-widget_type=\"button.default\">\n\t\t\t\t<div class=\"elementor-widget-container\">\n\t\t\t\t\t<div class=\"elementor-button-wrapper\">\n\t\t\t<a class=\"elementor-button elementor-button-link elementor-size-sm\" href=\"https:\/\/www.sinapi.es\/fr\/carta-santa-pola\/\" target=\"_blank\">\n\t\t\t\t\t\t<span class=\"elementor-button-content-wrapper\">\n\t\t\t\t\t\t\t\t\t<span class=\"elementor-button-text\">Menu Santa Pola<\/span>\n\t\t\t\t\t<\/span>\n\t\t\t\t\t<\/a>\n\t\t<\/div>\n\t\t\t\t<\/div>\n\t\t\t\t<\/div>\n\t\t\t\t\t<\/div>\n\t\t\t\t<\/div>\n\t\t<div class=\"elementor-element elementor-element-48f5b13 e-flex e-con-boxed e-con e-child\" data-id=\"48f5b13\" data-element_type=\"container\">\n\t\t\t\t\t<div class=\"e-con-inner\">\n\t\t<div class=\"elementor-element elementor-element-0fb5768 e-con-full e-flex e-con e-child\" data-id=\"0fb5768\" data-element_type=\"container\">\n\t\t\t\t<div class=\"elementor-element elementor-element-5f64194 elementor-widget-divider--view-line_text elementor-widget-divider--element-align-center elementor-widget elementor-widget-divider\" data-id=\"5f64194\" data-element_type=\"widget\" data-widget_type=\"divider.default\">\n\t\t\t\t<div class=\"elementor-widget-container\">\n\t\t\t\t\t<div class=\"elementor-divider\">\n\t\t\t<span class=\"elementor-divider-separator\">\n\t\t\t\t\t\t\t<span class=\"elementor-divider__text elementor-divider__element\">\n\t\t\t\tR\u00e9servations et commandes\t\t\t\t<\/span>\n\t\t\t\t\t\t<\/span>\n\t\t<\/div>\n\t\t\t\t<\/div>\n\t\t\t\t<\/div>\n\t\t\t\t<div class=\"elementor-element elementor-element-e92a357 elementor-widget elementor-widget-heading\" data-id=\"e92a357\" data-element_type=\"widget\" data-widget_type=\"heading.default\">\n\t\t\t\t<div class=\"elementor-widget-container\">\n\t\t\t<h2 class=\"elementor-heading-title elementor-size-default\">R\u00e9servez d\u00e8s maintenant<br>\nOu nous le livrons \u00e0 votre domicile<\/h2>\t\t<\/div>\n\t\t\t\t<\/div>\n\t\t<div class=\"elementor-element elementor-element-7e70c99 e-con-full e-flex e-con e-child\" data-id=\"7e70c99\" data-element_type=\"container\">\n\t\t<div class=\"elementor-element elementor-element-b1e2f64 e-con-full e-flex e-con e-child\" data-id=\"b1e2f64\" data-element_type=\"container\">\n\t\t\t\t<div class=\"elementor-element elementor-element-68e9f74 elementor-widget__width-auto elementor-align-center elementor-widget elementor-widget-button\" data-id=\"68e9f74\" data-element_type=\"widget\" data-widget_type=\"button.default\">\n\t\t\t\t<div class=\"elementor-widget-container\">\n\t\t\t\t\t<div class=\"elementor-button-wrapper\">\n\t\t\t<a class=\"elementor-button elementor-button-link elementor-size-sm\" href=\"https:\/\/sinapi.myrestoo.net\/fr\/reservar\" target=\"_blank\">\n\t\t\t\t\t\t<span class=\"elementor-button-content-wrapper\">\n\t\t\t\t\t\t\t\t\t<span class=\"elementor-button-text\">R\u00e9serve Elche<\/span>\n\t\t\t\t\t<\/span>\n\t\t\t\t\t<\/a>\n\t\t<\/div>\n\t\t\t\t<\/div>\n\t\t\t\t<\/div>\n\t\t\t\t<\/div>\n\t\t<div class=\"elementor-element elementor-element-d7c51a1 e-con-full e-flex e-con e-child\" data-id=\"d7c51a1\" data-element_type=\"container\">\n\t\t\t\t<div class=\"elementor-element elementor-element-0579b57 elementor-align-center elementor-widget__width-auto elementor-widget elementor-widget-button\" data-id=\"0579b57\" data-element_type=\"widget\" data-widget_type=\"button.default\">\n\t\t\t\t<div class=\"elementor-widget-container\">\n\t\t\t\t\t<div class=\"elementor-button-wrapper\">\n\t\t\t<a class=\"elementor-button elementor-button-link elementor-size-sm\" href=\"https:\/\/sinapifooddrinks.myrestoo.net\/fr\/reservar\" target=\"_blank\">\n\t\t\t\t\t\t<span class=\"elementor-button-content-wrapper\">\n\t\t\t\t\t\t\t\t\t<span class=\"elementor-button-text\">R\u00e9serve Santa Pola<\/span>\n\t\t\t\t\t<\/span>\n\t\t\t\t\t<\/a>\n\t\t<\/div>\n\t\t\t\t<\/div>\n\t\t\t\t<\/div>\n\t\t\t\t<\/div>\n\t\t\t\t<\/div>\n\t\t<div class=\"elementor-element elementor-element-5d7e4d1 e-con-full e-flex e-con e-child\" data-id=\"5d7e4d1\" data-element_type=\"container\">\n\t\t<div class=\"elementor-element elementor-element-1397ce9 e-con-full e-flex e-con e-child\" data-id=\"1397ce9\" data-element_type=\"container\">\n\t\t\t\t<div class=\"elementor-element elementor-element-291d72c elementor-align-center elementor-widget__width-auto elementor-widget elementor-widget-button\" data-id=\"291d72c\" data-element_type=\"widget\" data-widget_type=\"button.default\">\n\t\t\t\t<div class=\"elementor-widget-container\">\n\t\t\t\t\t<div class=\"elementor-button-wrapper\">\n\t\t\t<a class=\"elementor-button elementor-button-link elementor-size-sm\" href=\"https:\/\/glovoapp.com\/es\/es\/elche\/sinapi-restaurante-elche\/\" target=\"_blank\">\n\t\t\t\t\t\t<span class=\"elementor-button-content-wrapper\">\n\t\t\t\t\t\t\t\t\t<span class=\"elementor-button-text\">Commande \u00e0 domicile  Elche<\/span>\n\t\t\t\t\t<\/span>\n\t\t\t\t\t<\/a>\n\t\t<\/div>\n\t\t\t\t<\/div>\n\t\t\t\t<\/div>\n\t\t\t\t<\/div>\n\t\t<div class=\"elementor-element elementor-element-09b2066 e-con-full e-flex e-con e-child\" data-id=\"09b2066\" data-element_type=\"container\">\n\t\t\t\t<div class=\"elementor-element elementor-element-1342ea6 elementor-align-center elementor-widget__width-auto elementor-widget elementor-widget-button\" data-id=\"1342ea6\" data-element_type=\"widget\" data-widget_type=\"button.default\">\n\t\t\t\t<div class=\"elementor-widget-container\">\n\t\t\t\t\t<div class=\"elementor-button-wrapper\">\n\t\t\t<a class=\"elementor-button elementor-button-link elementor-size-sm\" href=\"https:\/\/glovoapp.com\/es\/es\/santa-pola\/sinapi-santa-pola\/\" target=\"_blank\">\n\t\t\t\t\t\t<span class=\"elementor-button-content-wrapper\">\n\t\t\t\t\t\t\t\t\t<span class=\"elementor-button-text\">Commande \u00e0 domicile  Santa Pola<\/span>\n\t\t\t\t\t<\/span>\n\t\t\t\t\t<\/a>\n\t\t<\/div>\n\t\t\t\t<\/div>\n\t\t\t\t<\/div>\n\t\t\t\t<\/div>\n\t\t\t\t<\/div>\n\t\t\t\t<\/div>\n\t\t\t\t\t<\/div>\n\t\t\t\t<\/div>\n\t\t\t\t\t<\/div>\n\t\t\t\t<\/div>\n\t\t\t\t<\/div>\n\t\t","protected":false},"excerpt":{"rendered":"<p>D\u00e9couvrir Sinapi S\u00e9lectionnez le menu du restaurant que vous souhaitez visiter Menu Elche Menu Santa Pola R\u00e9servations et commandes R\u00e9servez d\u00e8s maintenant Ou nous le livrons \u00e0 votre domicile R\u00e9serve Elche R\u00e9serve Santa Pola Commande \u00e0 domicile Elche Commande \u00e0 domicile Santa Pola<\/p>\n","protected":false},"author":2,"featured_media":0,"parent":0,"menu_order":0,"comment_status":"closed","ping_status":"closed","template":"elementor_canvas","meta":{"_acf_changed":false,"_eb_attr":"","footnotes":""},"class_list":["post-2239","page","type-page","status-publish","hentry"],"acf":[],"yoast_head":"<!-- This site is optimized with the Yoast SEO plugin v24.3 - https:\/\/yoast.com\/wordpress\/plugins\/seo\/ -->\n<title>S\u00e9lectionnez votre restaurant - Sinapi<\/title>\n<meta name=\"robots\" content=\"index, follow, max-snippet:-1, max-image-preview:large, max-video-preview:-1\" \/>\n<link rel=\"canonical\" href=\"https:\/\/www.sinapi.es\/fr\/selectionnez-votre-restaurant\/\" \/>\n<meta property=\"og:locale\" content=\"fr_FR\" \/>\n<meta property=\"og:type\" content=\"article\" \/>\n<meta property=\"og:title\" content=\"S\u00e9lectionnez votre restaurant - Sinapi\" \/>\n<meta property=\"og:description\" content=\"D\u00e9couvrir Sinapi S\u00e9lectionnez le menu du restaurant que vous souhaitez visiter Menu Elche Menu Santa Pola R\u00e9servations et commandes R\u00e9servez d\u00e8s maintenant Ou nous le livrons \u00e0 votre domicile R\u00e9serve Elche R\u00e9serve Santa Pola Commande \u00e0 domicile Elche Commande \u00e0 domicile Santa Pola\" \/>\n<meta property=\"og:url\" content=\"https:\/\/www.sinapi.es\/fr\/selectionnez-votre-restaurant\/\" \/>\n<meta property=\"og:site_name\" content=\"Sinapi\" \/>\n<meta property=\"article:publisher\" content=\"https:\/\/www.facebook.com\/restaurantesinapi\" \/>\n<meta property=\"article:modified_time\" content=\"2025-10-28T11:22:13+00:00\" \/>\n<meta name=\"twitter:card\" content=\"summary_large_image\" \/>\n<meta name=\"twitter:label1\" content=\"Dur\u00e9e de lecture estim\u00e9e\" \/>\n\t<meta name=\"twitter:data1\" content=\"1 minute\" \/>\n<script type=\"application\/ld+json\" class=\"yoast-schema-graph\">{\"@context\":\"https:\/\/schema.org\",\"@graph\":[{\"@type\":\"WebPage\",\"@id\":\"https:\/\/www.sinapi.es\/fr\/selectionnez-votre-restaurant\/\",\"url\":\"https:\/\/www.sinapi.es\/fr\/selectionnez-votre-restaurant\/\",\"name\":\"S\u00e9lectionnez votre restaurant - Sinapi\",\"isPartOf\":{\"@id\":\"https:\/\/www.sinapi.es\/#website\"},\"primaryImageOfPage\":{\"@id\":\"https:\/\/www.sinapi.es\/fr\/selectionnez-votre-restaurant\/#primaryimage\"},\"image\":{\"@id\":\"https:\/\/www.sinapi.es\/fr\/selectionnez-votre-restaurant\/#primaryimage\"},\"thumbnailUrl\":\"https:\/\/www.sinapi.es\/wp-content\/uploads\/2024\/11\/sinapi-logo.svg\",\"datePublished\":\"2024-12-27T10:22:16+00:00\",\"dateModified\":\"2025-10-28T11:22:13+00:00\",\"breadcrumb\":{\"@id\":\"https:\/\/www.sinapi.es\/fr\/selectionnez-votre-restaurant\/#breadcrumb\"},\"inLanguage\":\"fr-FR\",\"potentialAction\":[{\"@type\":\"ReadAction\",\"target\":[\"https:\/\/www.sinapi.es\/fr\/selectionnez-votre-restaurant\/\"]}]},{\"@type\":\"ImageObject\",\"inLanguage\":\"fr-FR\",\"@id\":\"https:\/\/www.sinapi.es\/fr\/selectionnez-votre-restaurant\/#primaryimage\",\"url\":\"https:\/\/www.sinapi.es\/wp-content\/uploads\/2024\/11\/sinapi-logo.svg\",\"contentUrl\":\"https:\/\/www.sinapi.es\/wp-content\/uploads\/2024\/11\/sinapi-logo.svg\"},{\"@type\":\"BreadcrumbList\",\"@id\":\"https:\/\/www.sinapi.es\/fr\/selectionnez-votre-restaurant\/#breadcrumb\",\"itemListElement\":[{\"@type\":\"ListItem\",\"position\":1,\"name\":\"Home\",\"item\":\"https:\/\/www.sinapi.es\/fr\/\"},{\"@type\":\"ListItem\",\"position\":2,\"name\":\"S\u00e9lectionnez votre restaurant\"}]},{\"@type\":\"WebSite\",\"@id\":\"https:\/\/www.sinapi.es\/#website\",\"url\":\"https:\/\/www.sinapi.es\/\",\"name\":\"Sinapi\",\"description\":\"\",\"publisher\":{\"@id\":\"https:\/\/www.sinapi.es\/#organization\"},\"potentialAction\":[{\"@type\":\"SearchAction\",\"target\":{\"@type\":\"EntryPoint\",\"urlTemplate\":\"https:\/\/www.sinapi.es\/?s={search_term_string}\"},\"query-input\":{\"@type\":\"PropertyValueSpecification\",\"valueRequired\":true,\"valueName\":\"search_term_string\"}}],\"inLanguage\":\"fr-FR\"},{\"@type\":\"Organization\",\"@id\":\"https:\/\/www.sinapi.es\/#organization\",\"name\":\"Sinapi\",\"url\":\"https:\/\/www.sinapi.es\/\",\"logo\":{\"@type\":\"ImageObject\",\"inLanguage\":\"fr-FR\",\"@id\":\"https:\/\/www.sinapi.es\/#\/schema\/logo\/image\/\",\"url\":\"https:\/\/www.sinapi.es\/wp-content\/uploads\/2024\/11\/sinapi-logo.svg\",\"contentUrl\":\"https:\/\/www.sinapi.es\/wp-content\/uploads\/2024\/11\/sinapi-logo.svg\",\"width\":488,\"height\":152,\"caption\":\"Sinapi\"},\"image\":{\"@id\":\"https:\/\/www.sinapi.es\/#\/schema\/logo\/image\/\"},\"sameAs\":[\"https:\/\/www.facebook.com\/restaurantesinapi\",\"https:\/\/www.instagram.com\/sinapirestaurante\/?hl=es\"]}]}<\/script>\n<!-- \/ Yoast SEO plugin. -->","yoast_head_json":{"title":"S\u00e9lectionnez votre restaurant - Sinapi","robots":{"index":"index","follow":"follow","max-snippet":"max-snippet:-1","max-image-preview":"max-image-preview:large","max-video-preview":"max-video-preview:-1"},"canonical":"https:\/\/www.sinapi.es\/fr\/selectionnez-votre-restaurant\/","og_locale":"fr_FR","og_type":"article","og_title":"S\u00e9lectionnez votre restaurant - Sinapi","og_description":"D\u00e9couvrir Sinapi S\u00e9lectionnez le menu du restaurant que vous souhaitez visiter Menu Elche Menu Santa Pola R\u00e9servations et commandes R\u00e9servez d\u00e8s maintenant Ou nous le livrons \u00e0 votre domicile R\u00e9serve Elche R\u00e9serve Santa Pola Commande \u00e0 domicile Elche Commande \u00e0 domicile Santa Pola","og_url":"https:\/\/www.sinapi.es\/fr\/selectionnez-votre-restaurant\/","og_site_name":"Sinapi","article_publisher":"https:\/\/www.facebook.com\/restaurantesinapi","article_modified_time":"2025-10-28T11:22:13+00:00","twitter_card":"summary_large_image","twitter_misc":{"Dur\u00e9e de lecture estim\u00e9e":"1 minute"},"schema":{"@context":"https:\/\/schema.org","@graph":[{"@type":"WebPage","@id":"https:\/\/www.sinapi.es\/fr\/selectionnez-votre-restaurant\/","url":"https:\/\/www.sinapi.es\/fr\/selectionnez-votre-restaurant\/","name":"S\u00e9lectionnez votre restaurant - Sinapi","isPartOf":{"@id":"https:\/\/www.sinapi.es\/#website"},"primaryImageOfPage":{"@id":"https:\/\/www.sinapi.es\/fr\/selectionnez-votre-restaurant\/#primaryimage"},"image":{"@id":"https:\/\/www.sinapi.es\/fr\/selectionnez-votre-restaurant\/#primaryimage"},"thumbnailUrl":"https:\/\/www.sinapi.es\/wp-content\/uploads\/2024\/11\/sinapi-logo.svg","datePublished":"2024-12-27T10:22:16+00:00","dateModified":"2025-10-28T11:22:13+00:00","breadcrumb":{"@id":"https:\/\/www.sinapi.es\/fr\/selectionnez-votre-restaurant\/#breadcrumb"},"inLanguage":"fr-FR","potentialAction":[{"@type":"ReadAction","target":["https:\/\/www.sinapi.es\/fr\/selectionnez-votre-restaurant\/"]}]},{"@type":"ImageObject","inLanguage":"fr-FR","@id":"https:\/\/www.sinapi.es\/fr\/selectionnez-votre-restaurant\/#primaryimage","url":"https:\/\/www.sinapi.es\/wp-content\/uploads\/2024\/11\/sinapi-logo.svg","contentUrl":"https:\/\/www.sinapi.es\/wp-content\/uploads\/2024\/11\/sinapi-logo.svg"},{"@type":"BreadcrumbList","@id":"https:\/\/www.sinapi.es\/fr\/selectionnez-votre-restaurant\/#breadcrumb","itemListElement":[{"@type":"ListItem","position":1,"name":"Home","item":"https:\/\/www.sinapi.es\/fr\/"},{"@type":"ListItem","position":2,"name":"S\u00e9lectionnez votre restaurant"}]},{"@type":"WebSite","@id":"https:\/\/www.sinapi.es\/#website","url":"https:\/\/www.sinapi.es\/","name":"Sinapi","description":"","publisher":{"@id":"https:\/\/www.sinapi.es\/#organization"},"potentialAction":[{"@type":"SearchAction","target":{"@type":"EntryPoint","urlTemplate":"https:\/\/www.sinapi.es\/?s={search_term_string}"},"query-input":{"@type":"PropertyValueSpecification","valueRequired":true,"valueName":"search_term_string"}}],"inLanguage":"fr-FR"},{"@type":"Organization","@id":"https:\/\/www.sinapi.es\/#organization","name":"Sinapi","url":"https:\/\/www.sinapi.es\/","logo":{"@type":"ImageObject","inLanguage":"fr-FR","@id":"https:\/\/www.sinapi.es\/#\/schema\/logo\/image\/","url":"https:\/\/www.sinapi.es\/wp-content\/uploads\/2024\/11\/sinapi-logo.svg","contentUrl":"https:\/\/www.sinapi.es\/wp-content\/uploads\/2024\/11\/sinapi-logo.svg","width":488,"height":152,"caption":"Sinapi"},"image":{"@id":"https:\/\/www.sinapi.es\/#\/schema\/logo\/image\/"},"sameAs":["https:\/\/www.facebook.com\/restaurantesinapi","https:\/\/www.instagram.com\/sinapirestaurante\/?hl=es"]}]}},"_links":{"self":[{"href":"https:\/\/www.sinapi.es\/fr\/wp-json\/wp\/v2\/pages\/2239","targetHints":{"allow":["GET"]}}],"collection":[{"href":"https:\/\/www.sinapi.es\/fr\/wp-json\/wp\/v2\/pages"}],"about":[{"href":"https:\/\/www.sinapi.es\/fr\/wp-json\/wp\/v2\/types\/page"}],"author":[{"embeddable":true,"href":"https:\/\/www.sinapi.es\/fr\/wp-json\/wp\/v2\/users\/2"}],"replies":[{"embeddable":true,"href":"https:\/\/www.sinapi.es\/fr\/wp-json\/wp\/v2\/comments?post=2239"}],"version-history":[{"count":15,"href":"https:\/\/www.sinapi.es\/fr\/wp-json\/wp\/v2\/pages\/2239\/revisions"}],"predecessor-version":[{"id":3082,"href":"https:\/\/www.sinapi.es\/fr\/wp-json\/wp\/v2\/pages\/2239\/revisions\/3082"}],"wp:attachment":[{"href":"https:\/\/www.sinapi.es\/fr\/wp-json\/wp\/v2\/media?parent=2239"}],"curies":[{"name":"wp","href":"https:\/\/api.w.org\/{rel}","templated":true}]}}